{"id":1545,"date":"2024-01-26T04:25:52","date_gmt":"2024-01-26T04:25:52","guid":{"rendered":"https:\/\/pharmafrayne.com\/commande-montreal\/"},"modified":"2025-07-30T21:05:48","modified_gmt":"2025-07-30T21:05:48","slug":"montreal-orders","status":"publish","type":"page","link":"https:\/\/pharmafrayne.com\/en\/montreal-orders\/","title":{"rendered":"Montreal Orders"},"content":{"rendered":"<p>[et_pb_section fb_built=&#8221;1&#8243; _builder_version=&#8221;4.16&#8243; custom_padding=&#8221;21px|0px|50px|0px|false|false&#8221; global_colors_info=&#8221;{}&#8221;][et_pb_row _builder_version=&#8221;4.16&#8243; global_colors_info=&#8221;{}&#8221;][et_pb_column type=&#8221;4_4&#8243; _builder_version=&#8221;4.16&#8243; custom_padding=&#8221;|||&#8221; global_colors_info=&#8221;{}&#8221; custom_padding__hover=&#8221;|||&#8221;][et_pb_text _builder_version=&#8221;4.20.4&#8243; header_font=&#8221;||||||||&#8221; header_2_font=&#8221;||||||||&#8221; header_2_text_color=&#8221;#949191&#8243; header_2_font_size=&#8221;32px&#8221; header_2_line_height=&#8221;1.3em&#8221; min_height=&#8221;26px&#8221; header_2_font_size_tablet=&#8221;&#8221; header_2_font_size_phone=&#8221;31px&#8221; header_2_font_size_last_edited=&#8221;on|phone&#8221; global_colors_info=&#8221;{}&#8221;]<\/p>\n<h2 style=\"text-align: center;\">Purchase orders<\/h2>\n<p>[\/et_pb_text][\/et_pb_column][\/et_pb_row][et_pb_row column_structure=&#8221;3_5,2_5&#8243; _builder_version=&#8221;4.20.4&#8243; custom_padding=&#8221;0|0px|37px|0px|false|false&#8221; border_width_bottom=&#8221;1px&#8221; global_colors_info=&#8221;{}&#8221;][et_pb_column type=&#8221;3_5&#8243; _builder_version=&#8221;4.16&#8243; custom_padding=&#8221;|||&#8221; global_colors_info=&#8221;{}&#8221; custom_padding__hover=&#8221;|||&#8221;][et_pb_text _builder_version=&#8221;4.20.4&#8243; global_colors_info=&#8221;{}&#8221;]<\/p>\n<p>You can order or request a price estimate <strong>by fax or through our online form<\/strong>. If by fax, please select and print the form according to the branch you would like to be served.<\/p>\n<p>To speed up your order, please identify your patient&#8217;s name, RAMQ number if they are insured and attach the medical prescription.<\/p>\n<p>Please allow up to 24-72 hours (working days) to receive your order.<\/p>\n<p>[\/et_pb_text][\/et_pb_column][et_pb_column type=&#8221;2_5&#8243; _builder_version=&#8221;4.16&#8243; custom_padding=&#8221;|||&#8221; global_colors_info=&#8221;{}&#8221; custom_padding__hover=&#8221;|||&#8221;][et_pb_text _builder_version=&#8221;4.20.4&#8243; background_color=&#8221;#f4f4f4&#8243; custom_margin=&#8221;7px||&#8221; custom_padding=&#8221;8px||33px|26px&#8221; global_colors_info=&#8221;{}&#8221;]<\/p>\n<p><strong>Montreal<br \/>Fax : 514-342-4996<\/strong><br \/>(<a href=\"https:\/\/pharmafrayne.com\/wp-content\/uploads\/2019\/03\/montreal-order-english.pdf\"><strong><span style=\"color: #0000ff;\">Download form<\/span><\/strong><\/a>)<\/p>\n<p><strong>Laval<br \/>Fax : 450-663-2568<br \/><\/strong><a href=\"https:\/\/pharmafrayne.com\/wp-content\/uploads\/2019\/03\/formularie-laval.pdf\"><span style=\"color: #0000ff;\"><strong>(Download form<\/strong><\/span><\/a>)<\/p>\n<p>[\/et_pb_text][\/et_pb_column][\/et_pb_row][\/et_pb_section][et_pb_section fb_built=&#8221;1&#8243; admin_label=&#8221;section&#8221; _builder_version=&#8221;4.16&#8243; custom_padding=&#8221;0|0px|54px|0px|false|false&#8221; global_colors_info=&#8221;{}&#8221;][et_pb_row admin_label=&#8221;row&#8221; _builder_version=&#8221;4.16&#8243; background_size=&#8221;initial&#8221; background_position=&#8221;top_left&#8221; background_repeat=&#8221;repeat&#8221; custom_padding=&#8221;0|0px|27px|0px|false|false&#8221; global_colors_info=&#8221;{}&#8221;][et_pb_column type=&#8221;4_4&#8243; _builder_version=&#8221;4.16&#8243; custom_padding=&#8221;|||&#8221; global_colors_info=&#8221;{}&#8221; custom_padding__hover=&#8221;|||&#8221;][et_pb_text admin_label=&#8221;Text&#8221; _builder_version=&#8221;4.27.4&#8243; background_size=&#8221;initial&#8221; background_position=&#8221;top_left&#8221; background_repeat=&#8221;repeat&#8221; hover_enabled=&#8221;0&#8243; global_colors_info=&#8221;{}&#8221; sticky_enabled=&#8221;0&#8243;]<\/p>\n<p><strong>To place an order through our Montreal branch, <a href=\"https:\/\/montreal-pharmafrayne.com\/\">click here.<\/a><\/strong><\/p>\n<p><strong>This order form is exclusive to the Montreal branch. To place an order for Laval, please access their <a href=\"https:\/\/laval-pharmafrayne.com\/en\/\">client portal<\/a>.<\/strong><\/p>\n<p>[\/et_pb_text][\/et_pb_column][\/et_pb_row][\/et_pb_section]<\/p>\n","protected":false},"excerpt":{"rendered":"<p>Purchase ordersYou can order or request a price estimate by fax or through our online form. If by fax, please select and print the form according to the branch you would like to be served. To speed up your order, please identify your patient&#8217;s name, RAMQ number if they are insured and attach the medical [&hellip;]<\/p>\n","protected":false},"author":6,"featured_media":0,"parent":0,"menu_order":0,"comment_status":"closed","ping_status":"closed","template":"","meta":{"_et_pb_use_builder":"on","_et_pb_old_content":"","_et_gb_content_width":"","jetpack_post_was_ever_published":true,"footnotes":""},"class_list":["post-1545","page","type-page","status-publish","hentry"],"yoast_head":"<!-- This site is optimized with the Yoast SEO plugin v25.8 - https:\/\/yoast.com\/wordpress\/plugins\/seo\/ -->\n<title>Montreal Orders - PHARMACIE FRAYNE &amp; ASSOCI\u00c9S<\/title>\n<meta name=\"robots\" content=\"index, follow, max-snippet:-1, max-image-preview:large, max-video-preview:-1\" \/>\n<link rel=\"canonical\" href=\"https:\/\/pharmafrayne.com\/commande-montreal\/\" \/>\n<meta property=\"og:locale\" content=\"en_US\" \/>\n<meta property=\"og:type\" content=\"article\" \/>\n<meta property=\"og:title\" content=\"Montreal Orders - PHARMACIE FRAYNE &amp; ASSOCI\u00c9S\" \/>\n<meta property=\"og:description\" content=\"Purchase ordersYou can order or request a price estimate by fax or through our online form. If by fax, please select and print the form according to the branch you would like to be served. To speed up your order, please identify your patient&#039;s name, RAMQ number if they are insured and attach the medical [&hellip;]\" \/>\n<meta property=\"og:url\" content=\"https:\/\/pharmafrayne.com\/commande-montreal\/\" \/>\n<meta property=\"og:site_name\" content=\"PHARMACIE FRAYNE &amp; ASSOCI\u00c9S\" \/>\n<meta property=\"article:modified_time\" content=\"2025-07-30T21:05:48+00:00\" \/>\n<meta name=\"twitter:card\" content=\"summary_large_image\" \/>\n<meta name=\"twitter:label1\" content=\"Est. reading time\" \/>\n\t<meta name=\"twitter:data1\" content=\"1 minute\" \/>\n<script type=\"application\/ld+json\" class=\"yoast-schema-graph\">{\"@context\":\"https:\/\/schema.org\",\"@graph\":[{\"@type\":\"WebPage\",\"@id\":\"https:\/\/pharmafrayne.com\/commande-montreal\/\",\"url\":\"https:\/\/pharmafrayne.com\/commande-montreal\/\",\"name\":\"Montreal Orders - PHARMACIE FRAYNE &amp; ASSOCI\u00c9S\",\"isPartOf\":{\"@id\":\"https:\/\/pharmafrayne.com\/en\/#website\"},\"datePublished\":\"2024-01-26T04:25:52+00:00\",\"dateModified\":\"2025-07-30T21:05:48+00:00\",\"breadcrumb\":{\"@id\":\"https:\/\/pharmafrayne.com\/commande-montreal\/#breadcrumb\"},\"inLanguage\":\"en-US\",\"potentialAction\":[{\"@type\":\"ReadAction\",\"target\":[\"https:\/\/pharmafrayne.com\/commande-montreal\/\"]}]},{\"@type\":\"BreadcrumbList\",\"@id\":\"https:\/\/pharmafrayne.com\/commande-montreal\/#breadcrumb\",\"itemListElement\":[{\"@type\":\"ListItem\",\"position\":1,\"name\":\"Accueil\",\"item\":\"https:\/\/pharmafrayne.com\/en\/\"},{\"@type\":\"ListItem\",\"position\":2,\"name\":\"Montreal Orders\"}]},{\"@type\":\"WebSite\",\"@id\":\"https:\/\/pharmafrayne.com\/en\/#website\",\"url\":\"https:\/\/pharmafrayne.com\/en\/\",\"name\":\"PHARMACIE FRAYNE &amp; ASSOCI\u00c9S\",\"description\":\"pr\u00e9paration magistrale et st\u00e9rile de toutes cat\u00e9gories.\",\"potentialAction\":[{\"@type\":\"SearchAction\",\"target\":{\"@type\":\"EntryPoint\",\"urlTemplate\":\"https:\/\/pharmafrayne.com\/en\/?s={search_term_string}\"},\"query-input\":{\"@type\":\"PropertyValueSpecification\",\"valueRequired\":true,\"valueName\":\"search_term_string\"}}],\"inLanguage\":\"en-US\"}]}<\/script>\n<!-- \/ Yoast SEO plugin. -->","yoast_head_json":{"title":"Montreal Orders - PHARMACIE FRAYNE &amp; ASSOCI\u00c9S","robots":{"index":"index","follow":"follow","max-snippet":"max-snippet:-1","max-image-preview":"max-image-preview:large","max-video-preview":"max-video-preview:-1"},"canonical":"https:\/\/pharmafrayne.com\/commande-montreal\/","og_locale":"en_US","og_type":"article","og_title":"Montreal Orders - PHARMACIE FRAYNE &amp; ASSOCI\u00c9S","og_description":"Purchase ordersYou can order or request a price estimate by fax or through our online form. If by fax, please select and print the form according to the branch you would like to be served. To speed up your order, please identify your patient's name, RAMQ number if they are insured and attach the medical [&hellip;]","og_url":"https:\/\/pharmafrayne.com\/commande-montreal\/","og_site_name":"PHARMACIE FRAYNE &amp; ASSOCI\u00c9S","article_modified_time":"2025-07-30T21:05:48+00:00","twitter_card":"summary_large_image","twitter_misc":{"Est. reading time":"1 minute"},"schema":{"@context":"https:\/\/schema.org","@graph":[{"@type":"WebPage","@id":"https:\/\/pharmafrayne.com\/commande-montreal\/","url":"https:\/\/pharmafrayne.com\/commande-montreal\/","name":"Montreal Orders - PHARMACIE FRAYNE &amp; ASSOCI\u00c9S","isPartOf":{"@id":"https:\/\/pharmafrayne.com\/en\/#website"},"datePublished":"2024-01-26T04:25:52+00:00","dateModified":"2025-07-30T21:05:48+00:00","breadcrumb":{"@id":"https:\/\/pharmafrayne.com\/commande-montreal\/#breadcrumb"},"inLanguage":"en-US","potentialAction":[{"@type":"ReadAction","target":["https:\/\/pharmafrayne.com\/commande-montreal\/"]}]},{"@type":"BreadcrumbList","@id":"https:\/\/pharmafrayne.com\/commande-montreal\/#breadcrumb","itemListElement":[{"@type":"ListItem","position":1,"name":"Accueil","item":"https:\/\/pharmafrayne.com\/en\/"},{"@type":"ListItem","position":2,"name":"Montreal Orders"}]},{"@type":"WebSite","@id":"https:\/\/pharmafrayne.com\/en\/#website","url":"https:\/\/pharmafrayne.com\/en\/","name":"PHARMACIE FRAYNE &amp; ASSOCI\u00c9S","description":"pr\u00e9paration magistrale et st\u00e9rile de toutes cat\u00e9gories.","potentialAction":[{"@type":"SearchAction","target":{"@type":"EntryPoint","urlTemplate":"https:\/\/pharmafrayne.com\/en\/?s={search_term_string}"},"query-input":{"@type":"PropertyValueSpecification","valueRequired":true,"valueName":"search_term_string"}}],"inLanguage":"en-US"}]}},"jetpack_sharing_enabled":true,"jetpack_shortlink":"https:\/\/wp.me\/PaKzx2-oV","_links":{"self":[{"href":"https:\/\/pharmafrayne.com\/en\/wp-json\/wp\/v2\/pages\/1545","targetHints":{"allow":["GET"]}}],"collection":[{"href":"https:\/\/pharmafrayne.com\/en\/wp-json\/wp\/v2\/pages"}],"about":[{"href":"https:\/\/pharmafrayne.com\/en\/wp-json\/wp\/v2\/types\/page"}],"author":[{"embeddable":true,"href":"https:\/\/pharmafrayne.com\/en\/wp-json\/wp\/v2\/users\/6"}],"replies":[{"embeddable":true,"href":"https:\/\/pharmafrayne.com\/en\/wp-json\/wp\/v2\/comments?post=1545"}],"version-history":[{"count":6,"href":"https:\/\/pharmafrayne.com\/en\/wp-json\/wp\/v2\/pages\/1545\/revisions"}],"predecessor-version":[{"id":1958,"href":"https:\/\/pharmafrayne.com\/en\/wp-json\/wp\/v2\/pages\/1545\/revisions\/1958"}],"wp:attachment":[{"href":"https:\/\/pharmafrayne.com\/en\/wp-json\/wp\/v2\/media?parent=1545"}],"curies":[{"name":"wp","href":"https:\/\/api.w.org\/{rel}","templated":true}]}}