{"id":393,"date":"2019-03-12T01:40:53","date_gmt":"2019-03-12T01:40:53","guid":{"rendered":"https:\/\/pharmafrayne.com\/commande\/"},"modified":"2025-07-02T16:28:05","modified_gmt":"2025-07-02T16:28:05","slug":"order","status":"publish","type":"page","link":"https:\/\/pharmafrayne.com\/en\/order\/","title":{"rendered":"Order"},"content":{"rendered":"<p>[et_pb_section fb_built=&#8221;1&#8243; _builder_version=&#8221;4.16&#8243; custom_padding=&#8221;21px|0px|50px|0px|false|false&#8221; global_colors_info=&#8221;{}&#8221;][et_pb_row _builder_version=&#8221;4.16&#8243; global_colors_info=&#8221;{}&#8221;][et_pb_column type=&#8221;4_4&#8243; _builder_version=&#8221;4.16&#8243; custom_padding=&#8221;|||&#8221; global_colors_info=&#8221;{}&#8221; custom_padding__hover=&#8221;|||&#8221;][et_pb_text _builder_version=&#8221;4.20.4&#8243; header_font=&#8221;||||||||&#8221; header_2_font=&#8221;||||||||&#8221; header_2_text_color=&#8221;#949191&#8243; header_2_font_size=&#8221;32px&#8221; header_2_line_height=&#8221;1.3em&#8221; min_height=&#8221;26px&#8221; header_2_font_size_tablet=&#8221;&#8221; header_2_font_size_phone=&#8221;31px&#8221; header_2_font_size_last_edited=&#8221;on|phone&#8221; global_colors_info=&#8221;{}&#8221;]<\/p>\n<h2 style=\"text-align: center;\">Choose your branch<\/h2>\n<p>[\/et_pb_text][\/et_pb_column][\/et_pb_row][et_pb_row column_structure=&#8221;1_2,1_2&#8243; _builder_version=&#8221;4.20.4&#8243; custom_padding=&#8221;0|0px|37px|0px|false|false&#8221; global_colors_info=&#8221;{}&#8221;][et_pb_column type=&#8221;1_2&#8243; _builder_version=&#8221;4.16&#8243; custom_padding=&#8221;|||&#8221; global_colors_info=&#8221;{}&#8221; custom_padding__hover=&#8221;|||&#8221;][et_pb_image src=&#8221;https:\/\/pharmafrayne.com\/wp-content\/uploads\/2024\/01\/laval-canada.png&#8221; alt=&#8221;LAval Logo&#8221; title_text=&#8221;laval-canada&#8221; url=&#8221;https:\/\/laval-pharmafrayne.com\/en\/&#8221; align=&#8221;center&#8221; _builder_version=&#8221;4.20.4&#8243; _module_preset=&#8221;default&#8221; global_colors_info=&#8221;{}&#8221;][\/et_pb_image][et_pb_button button_url=&#8221;https:\/\/laval-pharmafrayne.com\/en\/&#8221; button_text=&#8221;Order\/Price Estimate Laval&#8221; button_alignment=&#8221;center&#8221; _builder_version=&#8221;4.20.4&#8243; custom_button=&#8221;on&#8221; button_text_size=&#8221;20px&#8221; button_text_color=&#8221;#ffffff&#8221; button_bg_color=&#8221;#8cc63e&#8221; button_border_width=&#8221;0px&#8221; button_border_color=&#8221;rgba(0,0,0,0)&#8221; button_border_radius=&#8221;0px&#8221; button_font=&#8221;|800|||||||&#8221; animation_direction=&#8221;bottom&#8221; button_text_size_tablet=&#8221;&#8221; button_text_size_phone=&#8221;19px&#8221; button_text_size_last_edited=&#8221;on|phone&#8221; button_text_color_hover=&#8221;#ffffff&#8221; button_border_color_hover=&#8221;rgba(0,0,0,0)&#8221; button_border_radius_hover=&#8221;100px&#8221; button_bg_color_hover=&#8221;#0059c3&#8243; locked=&#8221;off&#8221; global_colors_info=&#8221;{}&#8221; button_text_size__hover_enabled=&#8221;off&#8221; button_one_text_size__hover_enabled=&#8221;off&#8221; button_two_text_size__hover_enabled=&#8221;off&#8221; button_text_color__hover_enabled=&#8221;on&#8221; button_text_color__hover=&#8221;#ffffff&#8221; button_one_text_color__hover_enabled=&#8221;off&#8221; button_two_text_color__hover_enabled=&#8221;off&#8221; button_border_width__hover_enabled=&#8221;off&#8221; button_one_border_width__hover_enabled=&#8221;off&#8221; button_two_border_width__hover_enabled=&#8221;off&#8221; button_border_color__hover_enabled=&#8221;on&#8221; button_border_color__hover=&#8221;rgba(0,0,0,0)&#8221; button_one_border_color__hover_enabled=&#8221;off&#8221; button_two_border_color__hover_enabled=&#8221;off&#8221; button_border_radius__hover_enabled=&#8221;on&#8221; button_border_radius__hover=&#8221;0px&#8221; button_one_border_radius__hover_enabled=&#8221;off&#8221; button_two_border_radius__hover_enabled=&#8221;off&#8221; button_letter_spacing__hover_enabled=&#8221;off&#8221; button_one_letter_spacing__hover_enabled=&#8221;off&#8221; button_two_letter_spacing__hover_enabled=&#8221;off&#8221; button_bg_color__hover_enabled=&#8221;on&#8221; button_bg_color__hover=&#8221;#8cc63e&#8221; button_one_bg_color__hover_enabled=&#8221;off&#8221; button_two_bg_color__hover_enabled=&#8221;off&#8221;][\/et_pb_button][et_pb_toggle title=&#8221;Important notice for the Laval branch&#8221; disabled_on=&#8221;on|on|on&#8221; _builder_version=&#8221;4.25.0&#8243; _module_preset=&#8221;default&#8221; title_text_color=&#8221;#E02B20&#8243; disabled=&#8221;on&#8221; global_colors_info=&#8221;{}&#8221;]<\/p>\n<p>Main benefits when creating an account:<\/p>\n<p><strong>1- Orders follow up<\/strong><br \/>You can now create an account. Please keep your password safe and share it with your team members who will be placing orders. You must identify an email address of your pharmacy which is consulted regularly. This email will allow you to follow up on your price estimates, know the status of your orders (including delivery) and recover your password.<\/p>\n<p><strong>2- Quick renewal of an existing order<\/strong><br \/>With this function, it is now easy to reorder a preparation already carried out previously. However, it is important to note that<strong> all parameters will be kept identical (quantity, name of contact person and name of pharmacist on duty) as entered during the first order.<\/strong> A new order must therefore be submitted if you wish to change the quantity of your preparation.<\/p>\n<p><strong>3- Access to the list of temporary DINs for out-of-stock medications covered by RAMQ<\/strong><br \/>With the creation of the account, you will be able to access the list of out-of-stock medications that we are able to prepare. This list also informs you of the temporary DINs assigned by RAMQ.<\/p>\n<p>[\/et_pb_toggle][\/et_pb_column][et_pb_column type=&#8221;1_2&#8243; _builder_version=&#8221;4.16&#8243; custom_padding=&#8221;|||&#8221; global_colors_info=&#8221;{}&#8221; custom_padding__hover=&#8221;|||&#8221;][et_pb_image src=&#8221;https:\/\/pharmafrayne.com\/wp-content\/uploads\/2024\/01\/mtl-canada.png&#8221; alt=&#8221;MOntreal logo<br \/>\n&#8221; title_text=&#8221;mtl-canada&#8221; url=&#8221;https:\/\/montreal-pharmafrayne.com\/en\/&#8221; align=&#8221;center&#8221; _builder_version=&#8221;4.27.4&#8243; _module_preset=&#8221;default&#8221; hover_enabled=&#8221;0&#8243; global_colors_info=&#8221;{}&#8221; sticky_enabled=&#8221;0&#8243;][\/et_pb_image][et_pb_button button_url=&#8221;https:\/\/montreal-pharmafrayne.com\/en\/&#8221; button_text=&#8221;Order\/Price Estimate Montreal&#8221; button_alignment=&#8221;center&#8221; _builder_version=&#8221;4.27.4&#8243; custom_button=&#8221;on&#8221; button_text_size=&#8221;20px&#8221; button_text_color=&#8221;#ffffff&#8221; button_bg_color=&#8221;#8cc63e&#8221; button_border_width=&#8221;0px&#8221; button_border_color=&#8221;rgba(0,0,0,0)&#8221; button_border_radius=&#8221;0px&#8221; button_font=&#8221;|800|||||||&#8221; animation_direction=&#8221;bottom&#8221; hover_enabled=&#8221;0&#8243; button_text_size_tablet=&#8221;&#8221; button_text_size_phone=&#8221;19px&#8221; button_text_size_last_edited=&#8221;on|phone&#8221; button_text_color_hover=&#8221;#ffffff&#8221; button_border_color_hover=&#8221;rgba(0,0,0,0)&#8221; button_border_radius_hover=&#8221;100px&#8221; button_bg_color_hover=&#8221;#0059c3&#8243; locked=&#8221;off&#8221; global_colors_info=&#8221;{}&#8221; button_text_size__hover_enabled=&#8221;off&#8221; button_one_text_size__hover_enabled=&#8221;off&#8221; button_two_text_size__hover_enabled=&#8221;off&#8221; button_text_color__hover_enabled=&#8221;on&#8221; button_text_color__hover=&#8221;#ffffff&#8221; button_one_text_color__hover_enabled=&#8221;off&#8221; button_two_text_color__hover_enabled=&#8221;off&#8221; button_border_width__hover_enabled=&#8221;off&#8221; button_one_border_width__hover_enabled=&#8221;off&#8221; button_two_border_width__hover_enabled=&#8221;off&#8221; button_border_color__hover_enabled=&#8221;on&#8221; button_border_color__hover=&#8221;rgba(0,0,0,0)&#8221; button_one_border_color__hover_enabled=&#8221;off&#8221; button_two_border_color__hover_enabled=&#8221;off&#8221; button_border_radius__hover_enabled=&#8221;on&#8221; button_border_radius__hover=&#8221;0px&#8221; button_one_border_radius__hover_enabled=&#8221;off&#8221; button_two_border_radius__hover_enabled=&#8221;off&#8221; button_letter_spacing__hover_enabled=&#8221;off&#8221; button_one_letter_spacing__hover_enabled=&#8221;off&#8221; button_two_letter_spacing__hover_enabled=&#8221;off&#8221; button_bg_color__hover_enabled=&#8221;on&#8221; button_bg_color__hover=&#8221;#8cc63e&#8221; button_one_bg_color__hover_enabled=&#8221;off&#8221; button_two_bg_color__hover_enabled=&#8221;off&#8221; sticky_enabled=&#8221;0&#8243;][\/et_pb_button][\/et_pb_column][\/et_pb_row][\/et_pb_section]<\/p>\n","protected":false},"excerpt":{"rendered":"<p>Choose your branchMain benefits when creating an account: 1- Orders follow upYou can now create an account. Please keep your password safe and share it with your team members who will be placing orders. You must identify an email address of your pharmacy which is consulted regularly. This email will allow you to follow up [&hellip;]<\/p>\n","protected":false},"author":1,"featured_media":0,"parent":0,"menu_order":0,"comment_status":"closed","ping_status":"closed","template":"","meta":{"_et_pb_use_builder":"on","_et_pb_old_content":"[gravityform id=\"2\" title=\"false\" description=\"false\"]","_et_gb_content_width":"","jetpack_post_was_ever_published":false,"footnotes":""},"class_list":["post-393","page","type-page","status-publish","hentry"],"yoast_head":"<!-- This site is optimized with the Yoast SEO plugin v25.8 - https:\/\/yoast.com\/wordpress\/plugins\/seo\/ -->\n<title>Order - Pharmaceutical Compounding &amp; Sterile Preparation Montreal<\/title>\n<meta name=\"description\" content=\"Request a quote or pass an order online. We offer pharmaceutical compounding and sterile preparation in Montreal and Laval.\" \/>\n<meta name=\"robots\" content=\"index, follow, max-snippet:-1, max-image-preview:large, max-video-preview:-1\" \/>\n<link rel=\"canonical\" href=\"https:\/\/pharmafrayne.com\/en\/order\/\" \/>\n<meta property=\"og:locale\" content=\"en_US\" \/>\n<meta property=\"og:type\" content=\"article\" \/>\n<meta property=\"og:title\" content=\"Order - Pharmaceutical Compounding &amp; Sterile Preparation Montreal\" \/>\n<meta property=\"og:description\" content=\"Request a quote or pass an order online. We offer pharmaceutical compounding and sterile preparation in Montreal and Laval.\" \/>\n<meta property=\"og:url\" content=\"https:\/\/pharmafrayne.com\/en\/order\/\" \/>\n<meta property=\"og:site_name\" content=\"PHARMACIE FRAYNE &amp; ASSOCI\u00c9S\" \/>\n<meta property=\"article:modified_time\" content=\"2025-07-02T16:28:05+00:00\" \/>\n<meta name=\"twitter:card\" content=\"summary_large_image\" \/>\n<meta name=\"twitter:label1\" content=\"Est. reading time\" \/>\n\t<meta name=\"twitter:data1\" content=\"2 minutes\" \/>\n<script type=\"application\/ld+json\" class=\"yoast-schema-graph\">{\"@context\":\"https:\/\/schema.org\",\"@graph\":[{\"@type\":\"WebPage\",\"@id\":\"https:\/\/pharmafrayne.com\/en\/order\/\",\"url\":\"https:\/\/pharmafrayne.com\/en\/order\/\",\"name\":\"Order - Pharmaceutical Compounding & Sterile Preparation Montreal\",\"isPartOf\":{\"@id\":\"https:\/\/pharmafrayne.com\/en\/#website\"},\"datePublished\":\"2019-03-12T01:40:53+00:00\",\"dateModified\":\"2025-07-02T16:28:05+00:00\",\"description\":\"Request a quote or pass an order online. We offer pharmaceutical compounding and sterile preparation in Montreal and Laval.\",\"breadcrumb\":{\"@id\":\"https:\/\/pharmafrayne.com\/en\/order\/#breadcrumb\"},\"inLanguage\":\"en-US\",\"potentialAction\":[{\"@type\":\"ReadAction\",\"target\":[\"https:\/\/pharmafrayne.com\/en\/order\/\"]}]},{\"@type\":\"BreadcrumbList\",\"@id\":\"https:\/\/pharmafrayne.com\/en\/order\/#breadcrumb\",\"itemListElement\":[{\"@type\":\"ListItem\",\"position\":1,\"name\":\"Accueil\",\"item\":\"https:\/\/pharmafrayne.com\/en\/\"},{\"@type\":\"ListItem\",\"position\":2,\"name\":\"Order\"}]},{\"@type\":\"WebSite\",\"@id\":\"https:\/\/pharmafrayne.com\/en\/#website\",\"url\":\"https:\/\/pharmafrayne.com\/en\/\",\"name\":\"PHARMACIE FRAYNE &amp; ASSOCI\u00c9S\",\"description\":\"pr\u00e9paration magistrale et st\u00e9rile de toutes cat\u00e9gories.\",\"potentialAction\":[{\"@type\":\"SearchAction\",\"target\":{\"@type\":\"EntryPoint\",\"urlTemplate\":\"https:\/\/pharmafrayne.com\/en\/?s={search_term_string}\"},\"query-input\":{\"@type\":\"PropertyValueSpecification\",\"valueRequired\":true,\"valueName\":\"search_term_string\"}}],\"inLanguage\":\"en-US\"}]}<\/script>\n<!-- \/ Yoast SEO plugin. -->","yoast_head_json":{"title":"Order - Pharmaceutical Compounding & Sterile Preparation Montreal","description":"Request a quote or pass an order online. We offer pharmaceutical compounding and sterile preparation in Montreal and Laval.","robots":{"index":"index","follow":"follow","max-snippet":"max-snippet:-1","max-image-preview":"max-image-preview:large","max-video-preview":"max-video-preview:-1"},"canonical":"https:\/\/pharmafrayne.com\/en\/order\/","og_locale":"en_US","og_type":"article","og_title":"Order - Pharmaceutical Compounding & Sterile Preparation Montreal","og_description":"Request a quote or pass an order online. We offer pharmaceutical compounding and sterile preparation in Montreal and Laval.","og_url":"https:\/\/pharmafrayne.com\/en\/order\/","og_site_name":"PHARMACIE FRAYNE &amp; ASSOCI\u00c9S","article_modified_time":"2025-07-02T16:28:05+00:00","twitter_card":"summary_large_image","twitter_misc":{"Est. reading time":"2 minutes"},"schema":{"@context":"https:\/\/schema.org","@graph":[{"@type":"WebPage","@id":"https:\/\/pharmafrayne.com\/en\/order\/","url":"https:\/\/pharmafrayne.com\/en\/order\/","name":"Order - Pharmaceutical Compounding & Sterile Preparation Montreal","isPartOf":{"@id":"https:\/\/pharmafrayne.com\/en\/#website"},"datePublished":"2019-03-12T01:40:53+00:00","dateModified":"2025-07-02T16:28:05+00:00","description":"Request a quote or pass an order online. We offer pharmaceutical compounding and sterile preparation in Montreal and Laval.","breadcrumb":{"@id":"https:\/\/pharmafrayne.com\/en\/order\/#breadcrumb"},"inLanguage":"en-US","potentialAction":[{"@type":"ReadAction","target":["https:\/\/pharmafrayne.com\/en\/order\/"]}]},{"@type":"BreadcrumbList","@id":"https:\/\/pharmafrayne.com\/en\/order\/#breadcrumb","itemListElement":[{"@type":"ListItem","position":1,"name":"Accueil","item":"https:\/\/pharmafrayne.com\/en\/"},{"@type":"ListItem","position":2,"name":"Order"}]},{"@type":"WebSite","@id":"https:\/\/pharmafrayne.com\/en\/#website","url":"https:\/\/pharmafrayne.com\/en\/","name":"PHARMACIE FRAYNE &amp; ASSOCI\u00c9S","description":"pr\u00e9paration magistrale et st\u00e9rile de toutes cat\u00e9gories.","potentialAction":[{"@type":"SearchAction","target":{"@type":"EntryPoint","urlTemplate":"https:\/\/pharmafrayne.com\/en\/?s={search_term_string}"},"query-input":{"@type":"PropertyValueSpecification","valueRequired":true,"valueName":"search_term_string"}}],"inLanguage":"en-US"}]}},"jetpack_sharing_enabled":true,"jetpack_shortlink":"https:\/\/wp.me\/PaKzx2-6l","_links":{"self":[{"href":"https:\/\/pharmafrayne.com\/en\/wp-json\/wp\/v2\/pages\/393","targetHints":{"allow":["GET"]}}],"collection":[{"href":"https:\/\/pharmafrayne.com\/en\/wp-json\/wp\/v2\/pages"}],"about":[{"href":"https:\/\/pharmafrayne.com\/en\/wp-json\/wp\/v2\/types\/page"}],"author":[{"embeddable":true,"href":"https:\/\/pharmafrayne.com\/en\/wp-json\/wp\/v2\/users\/1"}],"replies":[{"embeddable":true,"href":"https:\/\/pharmafrayne.com\/en\/wp-json\/wp\/v2\/comments?post=393"}],"version-history":[{"count":17,"href":"https:\/\/pharmafrayne.com\/en\/wp-json\/wp\/v2\/pages\/393\/revisions"}],"predecessor-version":[{"id":1941,"href":"https:\/\/pharmafrayne.com\/en\/wp-json\/wp\/v2\/pages\/393\/revisions\/1941"}],"wp:attachment":[{"href":"https:\/\/pharmafrayne.com\/en\/wp-json\/wp\/v2\/media?parent=393"}],"curies":[{"name":"wp","href":"https:\/\/api.w.org\/{rel}","templated":true}]}}