{"id":403,"date":"2019-03-05T23:49:37","date_gmt":"2019-03-05T23:49:37","guid":{"rendered":"https:\/\/pharmafrayne.com\/preparation-magistrale\/"},"modified":"2019-04-07T23:12:28","modified_gmt":"2019-04-07T23:12:28","slug":"pharmaceutical-compounding","status":"publish","type":"page","link":"https:\/\/pharmafrayne.com\/en\/pharmaceutical-compounding\/","title":{"rendered":"Pharmaceutical Compounding"},"content":{"rendered":"<p>[et_pb_section fb_built=&#8221;1&#8243; custom_padding_last_edited=&#8221;on|phone&#8221; admin_label=&#8221;Header&#8221; _builder_version=&#8221;3.19.17&#8243; background_color=&#8221;#b2b2b2&#8243; use_background_color_gradient=&#8221;on&#8221; background_color_gradient_start=&#8221;rgba(255,255,255,0)&#8221; background_color_gradient_end=&#8221;#f9fafc&#8221; background_color_gradient_type=&#8221;radial&#8221; background_color_gradient_direction_radial=&#8221;right&#8221; background_color_gradient_overlays_image=&#8221;on&#8221; background_image=&#8221;https:\/\/pharmafrayne.com\/wp-content\/uploads\/2019\/03\/specialty-compounding-1024&#215;288.jpg&#8221; custom_margin=&#8221;|||&#8221; custom_padding=&#8221;0||0||true|false&#8221; custom_padding_tablet=&#8221;||||false|false&#8221; custom_padding_phone=&#8221;||||false|false&#8221;][et_pb_row use_custom_width=&#8221;on&#8221; custom_width_px=&#8221;1280px&#8221; custom_padding=&#8221;62px|0px|97px|0|false|false&#8221; _builder_version=&#8221;3.15&#8243;][et_pb_column type=&#8221;1_5&#8243; _builder_version=&#8221;3.0.47&#8243;][\/et_pb_column][et_pb_column type=&#8221;3_5&#8243; _builder_version=&#8221;3.0.47&#8243;][et_pb_text _builder_version=&#8221;3.21&#8243; header_font=&#8221;|800|||||||&#8221; header_text_color=&#8221;#8cc63e&#8221; header_font_size=&#8221;27px&#8221; header_font_size_tablet=&#8221;35px&#8221; header_font_size_phone=&#8221;25px&#8221; header_font_size_last_edited=&#8221;on|desktop&#8221; header_line_height=&#8221;1.4em&#8221; header_2_font=&#8221;|300|||||||&#8221; header_2_text_color=&#8221;rgba(0,0,0,0.35)&#8221; header_2_font_size_phone=&#8221;19px&#8221; header_2_font_size_last_edited=&#8221;on|phone&#8221; header_2_line_height=&#8221;1.6em&#8221; text_orientation=&#8221;center&#8221; animation_direction=&#8221;bottom&#8221;]<\/p>\n<h2 style=\"text-align: center;\"><strong><span style=\"color: #000000;\">We have level 1, 2 and 3 compounding rooms that meet OPQ requirements.<\/span><\/strong><\/h2>\n<p>[\/et_pb_text][\/et_pb_column][et_pb_column type=&#8221;1_5&#8243; _builder_version=&#8221;3.0.47&#8243;][\/et_pb_column][\/et_pb_row][\/et_pb_section][et_pb_section fb_built=&#8221;1&#8243; _builder_version=&#8221;3.19.17&#8243; custom_padding=&#8221;35px|0px|0|0px|false|false&#8221;][et_pb_row custom_padding=&#8221;0|0px|0|0px|false|false&#8221; _builder_version=&#8221;3.19.17&#8243;][et_pb_column type=&#8221;4_4&#8243; _builder_version=&#8221;3.0.47&#8243;][et_pb_text _builder_version=&#8221;3.21&#8243; text_font_size_last_edited=&#8221;on|desktop&#8221; header_font=&#8221;|800|||||||&#8221; header_text_color=&#8221;#8cc63e&#8221; header_font_size=&#8221;27px&#8221; header_font_size_tablet=&#8221;35px&#8221; header_font_size_phone=&#8221;25px&#8221; header_font_size_last_edited=&#8221;on|desktop&#8221; header_line_height=&#8221;1.4em&#8221; header_2_font=&#8221;|800|||||||&#8221; header_2_text_color=&#8221;#949191&#8243; header_2_font_size=&#8221;32px&#8221; header_2_font_size_phone=&#8221;20px&#8221; header_2_font_size_last_edited=&#8221;on|phone&#8221; header_2_line_height=&#8221;1.6em&#8221; text_orientation=&#8221;center&#8221; animation_direction=&#8221;bottom&#8221;]<\/p>\n<h2>Specialized in pharmaceutical compounding since 1997<\/h2>\n<p style=\"text-align: left;\">\n[\/et_pb_text][\/et_pb_column][\/et_pb_row][et_pb_row custom_padding=&#8221;27px|22px|26px|42px|false|false&#8221; _builder_version=&#8221;3.19.17&#8243;][et_pb_column type=&#8221;1_3&#8243; _builder_version=&#8221;3.0.47&#8243;][et_pb_blurb use_icon=&#8221;on&#8221; font_icon=&#8221;%%49%%&#8221; icon_color=&#8221;#8cc63e&#8221; icon_placement=&#8221;left&#8221; _builder_version=&#8221;3.20.2&#8243;]<\/p>\n<p>We have the tools and skills to prepare pharmaceutical compositions in the best conditions.<\/p>\n<p>[\/et_pb_blurb][\/et_pb_column][et_pb_column type=&#8221;1_3&#8243; _builder_version=&#8221;3.0.47&#8243;][et_pb_blurb use_icon=&#8221;on&#8221; font_icon=&#8221;%%49%%&#8221; icon_color=&#8221;#8cc63e&#8221; icon_placement=&#8221;left&#8221; _builder_version=&#8221;3.20.2&#8243;]<\/p>\n<p>We ensure the conformity of our products with best-in-class preparation practices.<\/p>\n<p>[\/et_pb_blurb][\/et_pb_column][et_pb_column type=&#8221;1_3&#8243; _builder_version=&#8221;3.0.47&#8243;][et_pb_blurb use_icon=&#8221;on&#8221; font_icon=&#8221;%%49%%&#8221; icon_color=&#8221;#8cc63e&#8221; icon_placement=&#8221;left&#8221; _builder_version=&#8221;3.20.2&#8243;]<\/p>\n<p>We create products from recipes that are continually updated and revised by experts in the field.<\/p>\n<p>[\/et_pb_blurb][\/et_pb_column][\/et_pb_row][et_pb_row custom_padding=&#8221;18px|0|38px|0|false|false&#8221; padding_right_2=&#8221;265px&#8221; padding_left_1=&#8221;276px&#8221; padding_1_tablet=&#8221;|||0px&#8221; padding_2_tablet=&#8221;|0px||&#8221; padding_1_phone=&#8221;|||0px&#8221; padding_2_phone=&#8221;|0px||&#8221; padding_1_last_edited=&#8221;on|desktop&#8221; padding_2_last_edited=&#8221;on|tablet&#8221; _builder_version=&#8221;3.19.17&#8243;][et_pb_column type=&#8221;1_2&#8243; _builder_version=&#8221;3.0.47&#8243;][et_pb_button button_url=&#8221;https:\/\/www.pharmafrayne.com\/en\/contact&#8221; button_text=&#8221;Contact us&#8221; button_alignment=&#8221;center&#8221; _builder_version=&#8221;3.21&#8243; custom_button=&#8221;on&#8221; button_text_color=&#8221;#ffffff&#8221; button_bg_color=&#8221;#8cc63e&#8221; button_border_width=&#8221;0px&#8221; button_border_color=&#8221;rgba(0,0,0,0)&#8221; button_border_radius=&#8221;0px&#8221; button_font=&#8221;|800|||||||&#8221; button_text_size_phone=&#8221;19px&#8221; button_text_size_last_edited=&#8221;on|phone&#8221; animation_direction=&#8221;bottom&#8221; button_text_color_hover=&#8221;#ffffff&#8221; button_border_color_hover=&#8221;rgba(0,0,0,0)&#8221; button_border_radius_hover=&#8221;100px&#8221; button_bg_color_hover=&#8221;#0059c3&#8243; button_text_size__hover_enabled=&#8221;off&#8221; button_one_text_size__hover_enabled=&#8221;off&#8221; button_two_text_size__hover_enabled=&#8221;off&#8221; button_text_color__hover_enabled=&#8221;on&#8221; button_text_color__hover=&#8221;#ffffff&#8221; button_one_text_color__hover_enabled=&#8221;off&#8221; button_two_text_color__hover_enabled=&#8221;off&#8221; button_border_width__hover_enabled=&#8221;off&#8221; button_one_border_width__hover_enabled=&#8221;off&#8221; button_two_border_width__hover_enabled=&#8221;off&#8221; button_border_color__hover_enabled=&#8221;on&#8221; button_border_color__hover=&#8221;rgba(0,0,0,0)&#8221; button_one_border_color__hover_enabled=&#8221;off&#8221; button_two_border_color__hover_enabled=&#8221;off&#8221; button_border_radius__hover_enabled=&#8221;on&#8221; button_border_radius__hover=&#8221;0px&#8221; button_one_border_radius__hover_enabled=&#8221;off&#8221; button_two_border_radius__hover_enabled=&#8221;off&#8221; button_letter_spacing__hover_enabled=&#8221;off&#8221; button_one_letter_spacing__hover_enabled=&#8221;off&#8221; button_two_letter_spacing__hover_enabled=&#8221;off&#8221; button_bg_color__hover_enabled=&#8221;on&#8221; button_bg_color__hover=&#8221;#8cc63e&#8221; button_one_bg_color__hover_enabled=&#8221;off&#8221; button_two_bg_color__hover_enabled=&#8221;off&#8221;][\/et_pb_button][\/et_pb_column][et_pb_column type=&#8221;1_2&#8243; _builder_version=&#8221;3.0.47&#8243;][et_pb_button button_url=&#8221;https:\/\/www.pharmafrayne.com\/en\/order&#8221; button_text=&#8221;Order online&#8221; button_alignment=&#8221;center&#8221; _builder_version=&#8221;3.21&#8243; custom_button=&#8221;on&#8221; button_text_color=&#8221;#ffffff&#8221; button_bg_color=&#8221;#8cc63e&#8221; button_border_width=&#8221;0px&#8221; button_border_color=&#8221;rgba(0,0,0,0)&#8221; button_border_radius=&#8221;0px&#8221; button_font=&#8221;|800|||||||&#8221; button_text_size_phone=&#8221;19px&#8221; button_text_size_last_edited=&#8221;on|phone&#8221; animation_direction=&#8221;bottom&#8221; button_text_color_hover=&#8221;#ffffff&#8221; button_border_color_hover=&#8221;rgba(0,0,0,0)&#8221; button_border_radius_hover=&#8221;100px&#8221; button_bg_color_hover=&#8221;#0059c3&#8243; button_text_size__hover_enabled=&#8221;off&#8221; button_one_text_size__hover_enabled=&#8221;off&#8221; button_two_text_size__hover_enabled=&#8221;off&#8221; button_text_color__hover_enabled=&#8221;on&#8221; button_text_color__hover=&#8221;#ffffff&#8221; button_one_text_color__hover_enabled=&#8221;off&#8221; button_two_text_color__hover_enabled=&#8221;off&#8221; button_border_width__hover_enabled=&#8221;off&#8221; button_one_border_width__hover_enabled=&#8221;off&#8221; button_two_border_width__hover_enabled=&#8221;off&#8221; button_border_color__hover_enabled=&#8221;on&#8221; button_border_color__hover=&#8221;rgba(0,0,0,0)&#8221; button_one_border_color__hover_enabled=&#8221;off&#8221; button_two_border_color__hover_enabled=&#8221;off&#8221; button_border_radius__hover_enabled=&#8221;on&#8221; button_border_radius__hover=&#8221;0px&#8221; button_one_border_radius__hover_enabled=&#8221;off&#8221; button_two_border_radius__hover_enabled=&#8221;off&#8221; button_letter_spacing__hover_enabled=&#8221;off&#8221; button_one_letter_spacing__hover_enabled=&#8221;off&#8221; button_two_letter_spacing__hover_enabled=&#8221;off&#8221; button_bg_color__hover_enabled=&#8221;on&#8221; button_bg_color__hover=&#8221;#8cc63e&#8221; button_one_bg_color__hover_enabled=&#8221;off&#8221; button_two_bg_color__hover_enabled=&#8221;off&#8221;][\/et_pb_button][\/et_pb_column][\/et_pb_row][\/et_pb_section][et_pb_section fb_built=&#8221;1&#8243; _builder_version=&#8221;3.21&#8243; background_color=&#8221;#898989&#8243; custom_padding=&#8221;6px|0px|18px|0px|false|false&#8221;][et_pb_row custom_padding=&#8221;0|0px|18px|0px|false|false&#8221; _builder_version=&#8221;3.19.17&#8243;][et_pb_column type=&#8221;4_4&#8243; _builder_version=&#8221;3.0.47&#8243;][et_pb_text _builder_version=&#8221;3.21&#8243; text_font=&#8221;||||||||&#8221; text_text_color=&#8221;#ffffff&#8221; text_font_size=&#8221;20px&#8221; header_font=&#8221;|800|||||||&#8221; header_text_color=&#8221;#8cc63e&#8221; header_font_size=&#8221;27px&#8221; header_font_size_tablet=&#8221;35px&#8221; header_font_size_phone=&#8221;25px&#8221; header_font_size_last_edited=&#8221;on|desktop&#8221; header_line_height=&#8221;1.4em&#8221; header_2_font=&#8221;|800|||||||&#8221; header_2_text_color=&#8221;#ffffff&#8221; header_2_font_size=&#8221;32px&#8221; header_2_font_size_last_edited=&#8221;on|phone&#8221; header_2_line_height=&#8221;1.6em&#8221; header_2_text_shadow_style=&#8221;preset1&#8243; text_orientation=&#8221;center&#8221; animation_direction=&#8221;bottom&#8221;]<\/p>\n<div id=\"text_BLOCK_K5QJXT120F\" class=\"block-text\">\n<h2>Pharmaceutical Compounding<\/h2>\n<p style=\"text-align: center;\">Our preparations vary according to patients&#8217; needs for creams, capsules, suppositories, pediatric preparations, hormonal preparations, veterinary products, etc. We can also do preparations for clinical studies.<\/p>\n<\/div>\n<div id=\"text_BLOCK_CQ19ELDA2Z\" class=\"block-text\"><\/div>\n<p>[\/et_pb_text][\/et_pb_column][\/et_pb_row][\/et_pb_section][et_pb_section fb_built=&#8221;1&#8243; _builder_version=&#8221;3.19.17&#8243; custom_padding=&#8221;0|0px|0|0px|false|false&#8221;][et_pb_row custom_padding=&#8221;55px|0px|35px|0|false|false&#8221; _builder_version=&#8221;3.19.17&#8243;][et_pb_column type=&#8221;3_5&#8243; _builder_version=&#8221;3.0.47&#8243;][et_pb_text _builder_version=&#8221;3.20.2&#8243;]<\/p>\n<p><strong>Pharmacy Frayne &amp; Associ\u00e9s<\/strong> has compounding rooms in accordance to OPQ standards, allowing us to offer you level 1, 2 and 3 compounding preparations from recipes that are continually updated and revised by experts in the field<\/p>\n<p>Our preparations can vary from cream to capsules, and we adapt to the needs of the patient to ensure full compliance.<\/p>\n<p>&nbsp;<\/p>\n<ul>\n<li>Cream, ointment ant topic gel<\/li>\n<li>Oncological preparation<\/li>\n<li>Capsules<\/li>\n<li>Suppositories and vaginal suppositories<\/li>\n<li>Topical analgesic preparation<\/li>\n<li>Oral suspension<\/li>\n<li>Clinical study preparation<\/li>\n<li>Pediatric preparation (lozenges, lollipops, troches)<\/li>\n<li>Hormone preparation<\/li>\n<li>Enema<\/li>\n<li>Sachets<\/li>\n<li>Veterinary products<\/li>\n<li>Etc<\/li>\n<\/ul>\n<p>[\/et_pb_text][\/et_pb_column][et_pb_column type=&#8221;2_5&#8243; _builder_version=&#8221;3.0.47&#8243;][et_pb_image src=&#8221;https:\/\/pharmafrayne.com\/wp-content\/uploads\/2019\/03\/YourCommunityPharmacy016-1024&#215;683.jpg&#8221; _builder_version=&#8221;3.19.17&#8243;][\/et_pb_image][et_pb_image src=&#8221;https:\/\/pharmafrayne.com\/wp-content\/uploads\/2019\/03\/What-is-Aseptic-Technique-A-Quick-Guide-for-Pharmacy-Assistant-Students1.jpg&#8221; _builder_version=&#8221;3.19.17&#8243;][\/et_pb_image][\/et_pb_column][\/et_pb_row][\/et_pb_section][et_pb_section fb_built=&#8221;1&#8243; _builder_version=&#8221;3.21&#8243; background_color=&#8221;#898989&#8243; custom_padding=&#8221;6px|0px|0|0px|false|false&#8221;][et_pb_row custom_padding=&#8221;0|0px|4px|0px|false|false&#8221; _builder_version=&#8221;3.19.17&#8243;][et_pb_column type=&#8221;4_4&#8243; _builder_version=&#8221;3.0.47&#8243;][et_pb_text _builder_version=&#8221;3.21&#8243; text_text_color=&#8221;#ffffff&#8221; text_font_size=&#8221;19px&#8221; header_font=&#8221;|800|||||||&#8221; header_text_color=&#8221;#8cc63e&#8221; header_font_size=&#8221;27px&#8221; header_font_size_tablet=&#8221;30px&#8221; header_font_size_phone=&#8221;25px&#8221; header_font_size_last_edited=&#8221;on|desktop&#8221; header_line_height=&#8221;1.4em&#8221; header_2_font=&#8221;|800|||||||&#8221; header_2_text_color=&#8221;#ffffff&#8221; header_2_font_size=&#8221;32px&#8221; header_2_font_size_tablet=&#8221;28px&#8221; header_2_font_size_last_edited=&#8221;on|tablet&#8221; header_2_line_height=&#8221;1.6em&#8221; header_2_text_shadow_style=&#8221;preset1&#8243; text_orientation=&#8221;center&#8221; animation_direction=&#8221;bottom&#8221;]<\/p>\n<div id=\"text_BLOCK_K5QJXT120F\" class=\"block-text\">\n<h2>Products tailored to patient needs.<\/h2>\n<\/div>\n<div id=\"text_BLOCK_CQ19ELDA2Z\" class=\"block-text\"><\/div>\n<p>[\/et_pb_text][\/et_pb_column][\/et_pb_row][\/et_pb_section][et_pb_section fb_built=&#8221;1&#8243; disabled_on=&#8221;off|off|off&#8221; _builder_version=&#8221;3.20.2&#8243; background_size=&#8221;initial&#8221; background_position=&#8221;bottom_left&#8221; custom_padding=&#8221;0|0px|0|0px|false|false&#8221;][et_pb_row make_fullwidth=&#8221;on&#8221; use_custom_gutter=&#8221;on&#8221; gutter_width=&#8221;1&#8243; custom_padding=&#8221;1px|0px|0|0px|false|false&#8221; _builder_version=&#8221;3.20.2&#8243;][et_pb_column type=&#8221;1_2&#8243; _builder_version=&#8221;3.0.47&#8243;][et_pb_image src=&#8221;https:\/\/pharmafrayne.com\/wp-content\/uploads\/2019\/03\/compouding.png&#8221; _builder_version=&#8221;3.20.2&#8243;][\/et_pb_image][\/et_pb_column][et_pb_column type=&#8221;1_2&#8243; _builder_version=&#8221;3.0.47&#8243;][et_pb_text _builder_version=&#8221;3.20.2&#8243; custom_margin=&#8221;71px|200px||20px&#8221; custom_margin_tablet=&#8221;10px|20px|10px|&#8221; custom_margin_phone=&#8221;10px|20px||&#8221; custom_margin_last_edited=&#8221;on|desktop&#8221; custom_padding=&#8221;1px|||&#8221;]<\/p>\n<p>Visit your nearest pharmacy to discover and benefit from our pharmaceutical compounding expertise. Whatever your needs, we do our best to deliver products as quickly as possible, based on your prescription.<\/p>\n<p>Please note that we also make sterile preparations. We also offer an on-call service in case of emergencies. A friendly and attentive team is at your disposal for advice.<\/p>\n<p>[\/et_pb_text][\/et_pb_column][\/et_pb_row][\/et_pb_section]<\/p>\n","protected":false},"excerpt":{"rendered":"<p>We have level 1, 2 and 3 compounding rooms that meet OPQ requirements. Specialized in pharmaceutical compounding since 1997 We have the tools and skills to prepare pharmaceutical compositions in the best conditions. We ensure the conformity of our products with best-in-class preparation practices. We create products from recipes that are continually updated and revised [&hellip;]<\/p>\n","protected":false},"author":1,"featured_media":0,"parent":0,"menu_order":0,"comment_status":"closed","ping_status":"closed","template":"","meta":{"_et_pb_use_builder":"on","_et_pb_old_content":"","_et_gb_content_width":"","jetpack_post_was_ever_published":false,"footnotes":""},"class_list":["post-403","page","type-page","status-publish","hentry"],"yoast_head":"<!-- This site is optimized with the Yoast SEO plugin v25.8 - https:\/\/yoast.com\/wordpress\/plugins\/seo\/ -->\n<title>Pharmaceutical Compounding Montreal &amp; Laval - Sterile Preparation<\/title>\n<meta name=\"description\" content=\"Pharmaceutical Compounding Montreal &amp; Laval. We have level 1, 2 and 3 pharmaceutical compounding rooms in Montreal and in Laval.\" \/>\n<meta name=\"robots\" content=\"index, follow, max-snippet:-1, max-image-preview:large, max-video-preview:-1\" \/>\n<link rel=\"canonical\" href=\"https:\/\/pharmafrayne.com\/en\/pharmaceutical-compounding\/\" \/>\n<meta property=\"og:locale\" content=\"en_US\" \/>\n<meta property=\"og:type\" content=\"article\" \/>\n<meta property=\"og:title\" content=\"Pharmaceutical Compounding Montreal &amp; Laval - Sterile Preparation\" \/>\n<meta property=\"og:description\" content=\"Pharmaceutical Compounding Montreal &amp; Laval. We have level 1, 2 and 3 pharmaceutical compounding rooms in Montreal and in Laval.\" \/>\n<meta property=\"og:url\" content=\"https:\/\/pharmafrayne.com\/en\/pharmaceutical-compounding\/\" \/>\n<meta property=\"og:site_name\" content=\"PHARMACIE FRAYNE &amp; ASSOCI\u00c9S\" \/>\n<meta property=\"article:modified_time\" content=\"2019-04-07T23:12:28+00:00\" \/>\n<meta name=\"twitter:card\" content=\"summary_large_image\" \/>\n<meta name=\"twitter:label1\" content=\"Est. reading time\" \/>\n\t<meta name=\"twitter:data1\" content=\"8 minutes\" \/>\n<script type=\"application\/ld+json\" class=\"yoast-schema-graph\">{\"@context\":\"https:\/\/schema.org\",\"@graph\":[{\"@type\":\"WebPage\",\"@id\":\"https:\/\/pharmafrayne.com\/en\/pharmaceutical-compounding\/\",\"url\":\"https:\/\/pharmafrayne.com\/en\/pharmaceutical-compounding\/\",\"name\":\"Pharmaceutical Compounding Montreal & Laval - Sterile Preparation\",\"isPartOf\":{\"@id\":\"https:\/\/pharmafrayne.com\/en\/#website\"},\"datePublished\":\"2019-03-05T23:49:37+00:00\",\"dateModified\":\"2019-04-07T23:12:28+00:00\",\"description\":\"Pharmaceutical Compounding Montreal & Laval. We have level 1, 2 and 3 pharmaceutical compounding rooms in Montreal and in Laval.\",\"breadcrumb\":{\"@id\":\"https:\/\/pharmafrayne.com\/en\/pharmaceutical-compounding\/#breadcrumb\"},\"inLanguage\":\"en-US\",\"potentialAction\":[{\"@type\":\"ReadAction\",\"target\":[\"https:\/\/pharmafrayne.com\/en\/pharmaceutical-compounding\/\"]}]},{\"@type\":\"BreadcrumbList\",\"@id\":\"https:\/\/pharmafrayne.com\/en\/pharmaceutical-compounding\/#breadcrumb\",\"itemListElement\":[{\"@type\":\"ListItem\",\"position\":1,\"name\":\"Accueil\",\"item\":\"https:\/\/pharmafrayne.com\/en\/\"},{\"@type\":\"ListItem\",\"position\":2,\"name\":\"Pharmaceutical Compounding\"}]},{\"@type\":\"WebSite\",\"@id\":\"https:\/\/pharmafrayne.com\/en\/#website\",\"url\":\"https:\/\/pharmafrayne.com\/en\/\",\"name\":\"PHARMACIE FRAYNE &amp; ASSOCI\u00c9S\",\"description\":\"pr\u00e9paration magistrale et st\u00e9rile de toutes cat\u00e9gories.\",\"potentialAction\":[{\"@type\":\"SearchAction\",\"target\":{\"@type\":\"EntryPoint\",\"urlTemplate\":\"https:\/\/pharmafrayne.com\/en\/?s={search_term_string}\"},\"query-input\":{\"@type\":\"PropertyValueSpecification\",\"valueRequired\":true,\"valueName\":\"search_term_string\"}}],\"inLanguage\":\"en-US\"}]}<\/script>\n<!-- \/ Yoast SEO plugin. -->","yoast_head_json":{"title":"Pharmaceutical Compounding Montreal & Laval - Sterile Preparation","description":"Pharmaceutical Compounding Montreal & Laval. We have level 1, 2 and 3 pharmaceutical compounding rooms in Montreal and in Laval.","robots":{"index":"index","follow":"follow","max-snippet":"max-snippet:-1","max-image-preview":"max-image-preview:large","max-video-preview":"max-video-preview:-1"},"canonical":"https:\/\/pharmafrayne.com\/en\/pharmaceutical-compounding\/","og_locale":"en_US","og_type":"article","og_title":"Pharmaceutical Compounding Montreal & Laval - Sterile Preparation","og_description":"Pharmaceutical Compounding Montreal & Laval. We have level 1, 2 and 3 pharmaceutical compounding rooms in Montreal and in Laval.","og_url":"https:\/\/pharmafrayne.com\/en\/pharmaceutical-compounding\/","og_site_name":"PHARMACIE FRAYNE &amp; ASSOCI\u00c9S","article_modified_time":"2019-04-07T23:12:28+00:00","twitter_card":"summary_large_image","twitter_misc":{"Est. reading time":"8 minutes"},"schema":{"@context":"https:\/\/schema.org","@graph":[{"@type":"WebPage","@id":"https:\/\/pharmafrayne.com\/en\/pharmaceutical-compounding\/","url":"https:\/\/pharmafrayne.com\/en\/pharmaceutical-compounding\/","name":"Pharmaceutical Compounding Montreal & Laval - Sterile Preparation","isPartOf":{"@id":"https:\/\/pharmafrayne.com\/en\/#website"},"datePublished":"2019-03-05T23:49:37+00:00","dateModified":"2019-04-07T23:12:28+00:00","description":"Pharmaceutical Compounding Montreal & Laval. We have level 1, 2 and 3 pharmaceutical compounding rooms in Montreal and in Laval.","breadcrumb":{"@id":"https:\/\/pharmafrayne.com\/en\/pharmaceutical-compounding\/#breadcrumb"},"inLanguage":"en-US","potentialAction":[{"@type":"ReadAction","target":["https:\/\/pharmafrayne.com\/en\/pharmaceutical-compounding\/"]}]},{"@type":"BreadcrumbList","@id":"https:\/\/pharmafrayne.com\/en\/pharmaceutical-compounding\/#breadcrumb","itemListElement":[{"@type":"ListItem","position":1,"name":"Accueil","item":"https:\/\/pharmafrayne.com\/en\/"},{"@type":"ListItem","position":2,"name":"Pharmaceutical Compounding"}]},{"@type":"WebSite","@id":"https:\/\/pharmafrayne.com\/en\/#website","url":"https:\/\/pharmafrayne.com\/en\/","name":"PHARMACIE FRAYNE &amp; ASSOCI\u00c9S","description":"pr\u00e9paration magistrale et st\u00e9rile de toutes cat\u00e9gories.","potentialAction":[{"@type":"SearchAction","target":{"@type":"EntryPoint","urlTemplate":"https:\/\/pharmafrayne.com\/en\/?s={search_term_string}"},"query-input":{"@type":"PropertyValueSpecification","valueRequired":true,"valueName":"search_term_string"}}],"inLanguage":"en-US"}]}},"jetpack_sharing_enabled":true,"jetpack_shortlink":"https:\/\/wp.me\/PaKzx2-6v","_links":{"self":[{"href":"https:\/\/pharmafrayne.com\/en\/wp-json\/wp\/v2\/pages\/403","targetHints":{"allow":["GET"]}}],"collection":[{"href":"https:\/\/pharmafrayne.com\/en\/wp-json\/wp\/v2\/pages"}],"about":[{"href":"https:\/\/pharmafrayne.com\/en\/wp-json\/wp\/v2\/types\/page"}],"author":[{"embeddable":true,"href":"https:\/\/pharmafrayne.com\/en\/wp-json\/wp\/v2\/users\/1"}],"replies":[{"embeddable":true,"href":"https:\/\/pharmafrayne.com\/en\/wp-json\/wp\/v2\/comments?post=403"}],"version-history":[{"count":6,"href":"https:\/\/pharmafrayne.com\/en\/wp-json\/wp\/v2\/pages\/403\/revisions"}],"predecessor-version":[{"id":569,"href":"https:\/\/pharmafrayne.com\/en\/wp-json\/wp\/v2\/pages\/403\/revisions\/569"}],"wp:attachment":[{"href":"https:\/\/pharmafrayne.com\/en\/wp-json\/wp\/v2\/media?parent=403"}],"curies":[{"name":"wp","href":"https:\/\/api.w.org\/{rel}","templated":true}]}}